{"id":469,"date":"2023-04-13T10:12:29","date_gmt":"2023-04-13T10:12:29","guid":{"rendered":"https:\/\/www.blog.herdadedamatinha.com\/b\/?page_id=469"},"modified":"2023-04-13T10:14:21","modified_gmt":"2023-04-13T10:14:21","slug":"sobre-a-matinha","status":"publish","type":"page","link":"https:\/\/www.blog.herdadedamatinha.com\/b\/sobre-a-matinha\/","title":{"rendered":"Sobre a Matinha"},"content":{"rendered":"\t\t<div data-elementor-type=\"wp-page\" data-elementor-id=\"469\" class=\"elementor elementor-469\" data-elementor-post-type=\"page\">\n\t\t\t\t\t\t<section class=\"elementor-section elementor-top-section elementor-element elementor-element-cc6f7c6 elementor-section-boxed elementor-section-height-default elementor-section-height-default\" data-id=\"cc6f7c6\" data-element_type=\"section\">\n\t\t\t\t\t\t<div class=\"elementor-container elementor-column-gap-default\">\n\t\t\t\t\t<div class=\"elementor-column elementor-col-100 elementor-top-column elementor-element elementor-element-7210a68\" data-id=\"7210a68\" data-element_type=\"column\">\n\t\t\t<div class=\"elementor-widget-wrap elementor-element-populated\">\n\t\t\t\t\t\t<div class=\"elementor-element elementor-element-de895ec elementor-widget elementor-widget-heading\" data-id=\"de895ec\" data-element_type=\"widget\" data-widget_type=\"heading.default\">\n\t\t\t\t<div class=\"elementor-widget-container\">\n\t\t\t\t\t<h1 class=\"elementor-heading-title elementor-size-default\">Sobre a Matinha<\/h1>\t\t\t\t<\/div>\n\t\t\t\t<\/div>\n\t\t\t\t<div class=\"elementor-element elementor-element-4966a1c elementor-widget elementor-widget-text-editor\" data-id=\"4966a1c\" data-element_type=\"widget\" data-widget_type=\"text-editor.default\">\n\t\t\t\t<div class=\"elementor-widget-container\">\n\t\t\t\t\t\t\t\t\t<p>Quando h\u00e1 espa\u00e7o, a semente nasce, o fruto cresce, e tudo flui, no seu devido lugar. Exatamente como deve ser.<\/p>\t\t\t\t\t\t\t\t<\/div>\n\t\t\t\t<\/div>\n\t\t\t\t<div class=\"elementor-element elementor-element-70c54fc elementor-posts--align-left elementor-grid-3 elementor-grid-tablet-2 elementor-grid-mobile-1 elementor-posts--thumbnail-top load-more-align-center elementor-widget elementor-widget-posts\" data-id=\"70c54fc\" data-element_type=\"widget\" data-settings=\"{&quot;classic_row_gap&quot;:{&quot;unit&quot;:&quot;px&quot;,&quot;size&quot;:45,&quot;sizes&quot;:[]},&quot;classic_row_gap_tablet&quot;:{&quot;unit&quot;:&quot;px&quot;,&quot;size&quot;:30,&quot;sizes&quot;:[]},&quot;classic_row_gap_mobile&quot;:{&quot;unit&quot;:&quot;px&quot;,&quot;size&quot;:30,&quot;sizes&quot;:[]},&quot;pagination_type&quot;:&quot;load_more_on_click&quot;,&quot;classic_columns&quot;:&quot;3&quot;,&quot;classic_columns_tablet&quot;:&quot;2&quot;,&quot;classic_columns_mobile&quot;:&quot;1&quot;,&quot;load_more_spinner&quot;:{&quot;value&quot;:&quot;fas fa-spinner&quot;,&quot;library&quot;:&quot;fa-solid&quot;}}\" data-widget_type=\"posts.classic\">\n\t\t\t\t<div class=\"elementor-widget-container\">\n\t\t\t\t\t\t\t<div class=\"elementor-posts-container elementor-posts elementor-posts--skin-classic elementor-grid\">\n\t\t\t\t<article class=\"elementor-post elementor-grid-item post-1477 post type-post status-publish format-standard has-post-thumbnail hentry category-sobre-a-matinha\">\n\t\t\t\t<a class=\"elementor-post__thumbnail__link\" href=\"https:\/\/www.blog.herdadedamatinha.com\/b\/a-caca-ao-tesouro-da-matinha-brincar-no-coracao-do-campo\/\" tabindex=\"-1\" >\n\t\t\t<div class=\"elementor-post__thumbnail\"><img fetchpriority=\"high\" decoding=\"async\" width=\"1300\" height=\"975\" src=\"https:\/\/www.blog.herdadedamatinha.com\/b\/wp-content\/uploads\/2025\/07\/Mapa-caca-ao-tesouro-na-matinha-min.jpg\" class=\"attachment-full size-full wp-image-1478\" alt=\"Mapa-ca\u00e7a-ao-tesouro na matinha\" srcset=\"https:\/\/www.blog.herdadedamatinha.com\/b\/wp-content\/uploads\/2025\/07\/Mapa-caca-ao-tesouro-na-matinha-min.jpg 1300w, https:\/\/www.blog.herdadedamatinha.com\/b\/wp-content\/uploads\/2025\/07\/Mapa-caca-ao-tesouro-na-matinha-min-300x225.jpg 300w, https:\/\/www.blog.herdadedamatinha.com\/b\/wp-content\/uploads\/2025\/07\/Mapa-caca-ao-tesouro-na-matinha-min-1024x768.jpg 1024w, https:\/\/www.blog.herdadedamatinha.com\/b\/wp-content\/uploads\/2025\/07\/Mapa-caca-ao-tesouro-na-matinha-min-768x576.jpg 768w\" sizes=\"(max-width: 1300px) 100vw, 1300px\" \/><\/div>\n\t\t<\/a>\n\t\t\t\t<div class=\"elementor-post__text\">\n\t\t\t\t<h3 class=\"elementor-post__title\">\n\t\t\t<a href=\"https:\/\/www.blog.herdadedamatinha.com\/b\/a-caca-ao-tesouro-da-matinha-brincar-no-coracao-do-campo\/\" >\n\t\t\t\tA Ca\u00e7a ao Tesouro da Matinha: Brincar no Cora\u00e7\u00e3o do Campo\t\t\t<\/a>\n\t\t<\/h3>\n\t\t\t\t<div class=\"elementor-post__excerpt\">\n\t\t\t<p>Entre sobreiros e alecrins, caminhos de madeira e riachos que murmuram segredos antigos, h\u00e1 uma brincadeira m\u00e1gica \u00e0 espera dos<\/p>\n\t\t<\/div>\n\t\t\n\t\t<a class=\"elementor-post__read-more\" href=\"https:\/\/www.blog.herdadedamatinha.com\/b\/a-caca-ao-tesouro-da-matinha-brincar-no-coracao-do-campo\/\" aria-label=\"Read more about A Ca\u00e7a ao Tesouro da Matinha: Brincar no Cora\u00e7\u00e3o do Campo\" tabindex=\"-1\" >\n\t\t\tLer Mais \u00bb\t\t<\/a>\n\n\t\t\t\t<\/div>\n\t\t\t\t<\/article>\n\t\t\t\t<article class=\"elementor-post elementor-grid-item post-1396 post type-post status-publish format-standard has-post-thumbnail hentry category-sobre-a-matinha\">\n\t\t\t\t<a class=\"elementor-post__thumbnail__link\" href=\"https:\/\/www.blog.herdadedamatinha.com\/b\/as-piscinas-da-herdade-da-matinha-tres-convites-ao-reencontro-com-a-calma\/\" tabindex=\"-1\" >\n\t\t\t<div class=\"elementor-post__thumbnail\"><img decoding=\"async\" width=\"1300\" height=\"975\" src=\"https:\/\/www.blog.herdadedamatinha.com\/b\/wp-content\/uploads\/2025\/06\/piscinas-da-herdade-da-matinha-min.jpg\" class=\"attachment-full size-full wp-image-1397\" alt=\"\" srcset=\"https:\/\/www.blog.herdadedamatinha.com\/b\/wp-content\/uploads\/2025\/06\/piscinas-da-herdade-da-matinha-min.jpg 1300w, https:\/\/www.blog.herdadedamatinha.com\/b\/wp-content\/uploads\/2025\/06\/piscinas-da-herdade-da-matinha-min-300x225.jpg 300w, https:\/\/www.blog.herdadedamatinha.com\/b\/wp-content\/uploads\/2025\/06\/piscinas-da-herdade-da-matinha-min-1024x768.jpg 1024w, https:\/\/www.blog.herdadedamatinha.com\/b\/wp-content\/uploads\/2025\/06\/piscinas-da-herdade-da-matinha-min-768x576.jpg 768w\" sizes=\"(max-width: 1300px) 100vw, 1300px\" \/><\/div>\n\t\t<\/a>\n\t\t\t\t<div class=\"elementor-post__text\">\n\t\t\t\t<h3 class=\"elementor-post__title\">\n\t\t\t<a href=\"https:\/\/www.blog.herdadedamatinha.com\/b\/as-piscinas-da-herdade-da-matinha-tres-convites-ao-reencontro-com-a-calma\/\" >\n\t\t\t\tAs Piscinas da Herdade da Matinha: Tr\u00eas Convites ao Reencontro com a Calma\t\t\t<\/a>\n\t\t<\/h3>\n\t\t\t\t<div class=\"elementor-post__excerpt\">\n\t\t\t<p>No cora\u00e7\u00e3o verde da Costa Alentejana, entre pinhais sussurrantes e colinas suaves, h\u00e1 \u00e1guas que n\u00e3o correm \u2014 esperam. S\u00e3o<\/p>\n\t\t<\/div>\n\t\t\n\t\t<a class=\"elementor-post__read-more\" href=\"https:\/\/www.blog.herdadedamatinha.com\/b\/as-piscinas-da-herdade-da-matinha-tres-convites-ao-reencontro-com-a-calma\/\" aria-label=\"Read more about As Piscinas da Herdade da Matinha: Tr\u00eas Convites ao Reencontro com a Calma\" tabindex=\"-1\" >\n\t\t\tLer Mais \u00bb\t\t<\/a>\n\n\t\t\t\t<\/div>\n\t\t\t\t<\/article>\n\t\t\t\t<article class=\"elementor-post elementor-grid-item post-1233 post type-post status-publish format-standard has-post-thumbnail hentry category-o-que-visitar-por-perto category-sobre-a-matinha\">\n\t\t\t\t<a class=\"elementor-post__thumbnail__link\" href=\"https:\/\/www.blog.herdadedamatinha.com\/b\/a-floresta-autoctone-da-costa-alentejana\/\" tabindex=\"-1\" >\n\t\t\t<div class=\"elementor-post__thumbnail\"><img decoding=\"async\" width=\"1300\" height=\"975\" src=\"https:\/\/www.blog.herdadedamatinha.com\/b\/wp-content\/uploads\/2024\/10\/floresta-costa-alentejana-min.jpg\" class=\"attachment-full size-full wp-image-1235\" alt=\"floresta costa alentejana\" srcset=\"https:\/\/www.blog.herdadedamatinha.com\/b\/wp-content\/uploads\/2024\/10\/floresta-costa-alentejana-min.jpg 1300w, https:\/\/www.blog.herdadedamatinha.com\/b\/wp-content\/uploads\/2024\/10\/floresta-costa-alentejana-min-300x225.jpg 300w, https:\/\/www.blog.herdadedamatinha.com\/b\/wp-content\/uploads\/2024\/10\/floresta-costa-alentejana-min-1024x768.jpg 1024w, https:\/\/www.blog.herdadedamatinha.com\/b\/wp-content\/uploads\/2024\/10\/floresta-costa-alentejana-min-768x576.jpg 768w\" sizes=\"(max-width: 1300px) 100vw, 1300px\" \/><\/div>\n\t\t<\/a>\n\t\t\t\t<div class=\"elementor-post__text\">\n\t\t\t\t<h3 class=\"elementor-post__title\">\n\t\t\t<a href=\"https:\/\/www.blog.herdadedamatinha.com\/b\/a-floresta-autoctone-da-costa-alentejana\/\" >\n\t\t\t\tA Floresta Aut\u00f3ctone da Costa Alentejana\t\t\t<\/a>\n\t\t<\/h3>\n\t\t\t\t<div class=\"elementor-post__excerpt\">\n\t\t\t<p>A Costa Alentejana, conhecida pelas suas praias selvagens e fal\u00e9sias dram\u00e1ticas, \u00e9 tamb\u00e9m lar de uma das mais importantes riquezas<\/p>\n\t\t<\/div>\n\t\t\n\t\t<a class=\"elementor-post__read-more\" href=\"https:\/\/www.blog.herdadedamatinha.com\/b\/a-floresta-autoctone-da-costa-alentejana\/\" aria-label=\"Read more about A Floresta Aut\u00f3ctone da Costa Alentejana\" tabindex=\"-1\" >\n\t\t\tLer Mais \u00bb\t\t<\/a>\n\n\t\t\t\t<\/div>\n\t\t\t\t<\/article>\n\t\t\t\t<article class=\"elementor-post elementor-grid-item post-1158 post type-post status-publish format-standard has-post-thumbnail hentry category-sobre-a-matinha\">\n\t\t\t\t<a class=\"elementor-post__thumbnail__link\" href=\"https:\/\/www.blog.herdadedamatinha.com\/b\/a-herdade-da-matinha-melhor-turismo-rural-nos-portugal-travel-awards-2024\/\" tabindex=\"-1\" >\n\t\t\t<div class=\"elementor-post__thumbnail\"><img loading=\"lazy\" decoding=\"async\" width=\"1300\" height=\"975\" src=\"https:\/\/www.blog.herdadedamatinha.com\/b\/wp-content\/uploads\/2024\/07\/melhor-turismo-rural-de-portugal-min.jpg\" class=\"attachment-full size-full wp-image-1159\" alt=\"herdade da matinha, o melhor turismo rural de portugal\" srcset=\"https:\/\/www.blog.herdadedamatinha.com\/b\/wp-content\/uploads\/2024\/07\/melhor-turismo-rural-de-portugal-min.jpg 1300w, https:\/\/www.blog.herdadedamatinha.com\/b\/wp-content\/uploads\/2024\/07\/melhor-turismo-rural-de-portugal-min-300x225.jpg 300w, https:\/\/www.blog.herdadedamatinha.com\/b\/wp-content\/uploads\/2024\/07\/melhor-turismo-rural-de-portugal-min-1024x768.jpg 1024w, https:\/\/www.blog.herdadedamatinha.com\/b\/wp-content\/uploads\/2024\/07\/melhor-turismo-rural-de-portugal-min-768x576.jpg 768w\" sizes=\"(max-width: 1300px) 100vw, 1300px\" \/><\/div>\n\t\t<\/a>\n\t\t\t\t<div class=\"elementor-post__text\">\n\t\t\t\t<h3 class=\"elementor-post__title\">\n\t\t\t<a href=\"https:\/\/www.blog.herdadedamatinha.com\/b\/a-herdade-da-matinha-melhor-turismo-rural-nos-portugal-travel-awards-2024\/\" >\n\t\t\t\tA Herdade da Matinha: Melhor Turismo Rural nos Portugal Travel Awards 2024\t\t\t<\/a>\n\t\t<\/h3>\n\t\t\t\t<div class=\"elementor-post__excerpt\">\n\t\t\t<p>A Herdade da Matinha, foi recentemente distinguida com o pr\u00e9mio de Melhor Turismo Rural de Portugal.<\/p>\n\t\t<\/div>\n\t\t\n\t\t<a class=\"elementor-post__read-more\" href=\"https:\/\/www.blog.herdadedamatinha.com\/b\/a-herdade-da-matinha-melhor-turismo-rural-nos-portugal-travel-awards-2024\/\" aria-label=\"Read more about A Herdade da Matinha: Melhor Turismo Rural nos Portugal Travel Awards 2024\" tabindex=\"-1\" >\n\t\t\tLer Mais \u00bb\t\t<\/a>\n\n\t\t\t\t<\/div>\n\t\t\t\t<\/article>\n\t\t\t\t<article class=\"elementor-post elementor-grid-item post-1132 post type-post status-publish format-standard has-post-thumbnail hentry category-o-que-fazer-por-perto category-o-que-visitar-por-perto category-sobre-a-matinha\">\n\t\t\t\t<a class=\"elementor-post__thumbnail__link\" href=\"https:\/\/www.blog.herdadedamatinha.com\/b\/turismo-rural-na-costa-vicentina-uma-experiencia-autentica-em-portugal\/\" tabindex=\"-1\" >\n\t\t\t<div class=\"elementor-post__thumbnail\"><img loading=\"lazy\" decoding=\"async\" width=\"1300\" height=\"975\" src=\"https:\/\/www.blog.herdadedamatinha.com\/b\/wp-content\/uploads\/2024\/07\/turismo-rural-na-costa-vicentina-min.jpg\" class=\"attachment-full size-full wp-image-1133\" alt=\"turismo rural na costa vicentina\" srcset=\"https:\/\/www.blog.herdadedamatinha.com\/b\/wp-content\/uploads\/2024\/07\/turismo-rural-na-costa-vicentina-min.jpg 1300w, https:\/\/www.blog.herdadedamatinha.com\/b\/wp-content\/uploads\/2024\/07\/turismo-rural-na-costa-vicentina-min-300x225.jpg 300w, https:\/\/www.blog.herdadedamatinha.com\/b\/wp-content\/uploads\/2024\/07\/turismo-rural-na-costa-vicentina-min-1024x768.jpg 1024w, https:\/\/www.blog.herdadedamatinha.com\/b\/wp-content\/uploads\/2024\/07\/turismo-rural-na-costa-vicentina-min-768x576.jpg 768w\" sizes=\"(max-width: 1300px) 100vw, 1300px\" \/><\/div>\n\t\t<\/a>\n\t\t\t\t<div class=\"elementor-post__text\">\n\t\t\t\t<h3 class=\"elementor-post__title\">\n\t\t\t<a href=\"https:\/\/www.blog.herdadedamatinha.com\/b\/turismo-rural-na-costa-vicentina-uma-experiencia-autentica-em-portugal\/\" >\n\t\t\t\tTurismo Rural na Costa Vicentina: Uma Experi\u00eancia Aut\u00eantica em Portugal\t\t\t<\/a>\n\t\t<\/h3>\n\t\t\t\t<div class=\"elementor-post__excerpt\">\n\t\t\t<p>A Costa Vicentina, localizada no sudoeste de Portugal, \u00e9 um destino de rara beleza natural e autenticidade cultural. <\/p>\n\t\t<\/div>\n\t\t\n\t\t<a class=\"elementor-post__read-more\" href=\"https:\/\/www.blog.herdadedamatinha.com\/b\/turismo-rural-na-costa-vicentina-uma-experiencia-autentica-em-portugal\/\" aria-label=\"Read more about Turismo Rural na Costa Vicentina: Uma Experi\u00eancia Aut\u00eantica em Portugal\" tabindex=\"-1\" >\n\t\t\tLer Mais \u00bb\t\t<\/a>\n\n\t\t\t\t<\/div>\n\t\t\t\t<\/article>\n\t\t\t\t<article class=\"elementor-post elementor-grid-item post-773 post type-post status-publish format-standard has-post-thumbnail hentry category-sobre-a-matinha\">\n\t\t\t\t<a class=\"elementor-post__thumbnail__link\" href=\"https:\/\/www.blog.herdadedamatinha.com\/b\/a-herdade-da-matinha-foi-nomeada-para-o-prestigiado-premio-earthshot-2024\/\" tabindex=\"-1\" >\n\t\t\t<div class=\"elementor-post__thumbnail\"><img loading=\"lazy\" decoding=\"async\" width=\"1200\" height=\"900\" src=\"https:\/\/www.blog.herdadedamatinha.com\/b\/wp-content\/uploads\/2024\/04\/matinha-regen-min-1.jpg\" class=\"attachment-full size-full wp-image-785\" alt=\"matinha regen\" srcset=\"https:\/\/www.blog.herdadedamatinha.com\/b\/wp-content\/uploads\/2024\/04\/matinha-regen-min-1.jpg 1200w, https:\/\/www.blog.herdadedamatinha.com\/b\/wp-content\/uploads\/2024\/04\/matinha-regen-min-1-300x225.jpg 300w, https:\/\/www.blog.herdadedamatinha.com\/b\/wp-content\/uploads\/2024\/04\/matinha-regen-min-1-1024x768.jpg 1024w, https:\/\/www.blog.herdadedamatinha.com\/b\/wp-content\/uploads\/2024\/04\/matinha-regen-min-1-768x576.jpg 768w\" sizes=\"(max-width: 1200px) 100vw, 1200px\" \/><\/div>\n\t\t<\/a>\n\t\t\t\t<div class=\"elementor-post__text\">\n\t\t\t\t<h3 class=\"elementor-post__title\">\n\t\t\t<a href=\"https:\/\/www.blog.herdadedamatinha.com\/b\/a-herdade-da-matinha-foi-nomeada-para-o-prestigiado-premio-earthshot-2024\/\" >\n\t\t\t\tA Herdade da Matinha Foi Nomeada para o Prestigiado Pr\u00e9mio Earthshot 2024\t\t\t<\/a>\n\t\t<\/h3>\n\t\t\t\t<div class=\"elementor-post__excerpt\">\n\t\t\t<p>Temos o orgulho de anunciar que fomos nomeados para o prestigiado Pr\u00e9mio Earthshot 2024.<\/p>\n\t\t<\/div>\n\t\t\n\t\t<a class=\"elementor-post__read-more\" href=\"https:\/\/www.blog.herdadedamatinha.com\/b\/a-herdade-da-matinha-foi-nomeada-para-o-prestigiado-premio-earthshot-2024\/\" aria-label=\"Read more about A Herdade da Matinha Foi Nomeada para o Prestigiado Pr\u00e9mio Earthshot 2024\" tabindex=\"-1\" >\n\t\t\tLer Mais \u00bb\t\t<\/a>\n\n\t\t\t\t<\/div>\n\t\t\t\t<\/article>\n\t\t\t\t<\/div>\n\t\t\t\t\t<span class=\"e-load-more-spinner\">\n\t\t\t\t<i aria-hidden=\"true\" class=\"fas fa-spinner\"><\/i>\t\t\t<\/span>\n\t\t\n\t\t\t\t<div class=\"e-load-more-anchor\" data-page=\"1\" data-max-page=\"4\" data-next-page=\"https:\/\/www.blog.herdadedamatinha.com\/b\/wp-json\/wp\/v2\/pages\/469\/page\/2\/\"><\/div>\n\t\t\t\t<div class=\"elementor-button-wrapper\">\n\t\t\t<a href=\"#\" class=\"elementor-button-link elementor-button\" role=\"button\">\n\t\t\t\t\t\t<span class=\"elementor-button-content-wrapper\">\n\t\t\t\t\t\t\t\t\t<span class=\"elementor-button-text\">Ver Mais Artigos<\/span>\n\t\t\t\t\t<\/span>\n\t\t\t\t\t<\/a>\n\t\t<\/div>\n\t\t\t\t<div class=\"e-load-more-message\"><\/div>\n\t\t\t\t\t\t<\/div>\n\t\t\t\t<\/div>\n\t\t\t\t\t<\/div>\n\t\t<\/div>\n\t\t\t\t\t<\/div>\n\t\t<\/section>\n\t\t\t\t<\/div>\n\t\t","protected":false},"excerpt":{"rendered":"<p>Sobre a Matinha Quando h\u00e1 espa\u00e7o, a semente nasce, o fruto cresce, e tudo flui, no seu devido lugar. Exatamente como deve ser.<\/p>\n","protected":false},"author":1,"featured_media":0,"parent":0,"menu_order":0,"comment_status":"closed","ping_status":"closed","template":"elementor_header_footer","meta":{"footnotes":""},"class_list":["post-469","page","type-page","status-publish","hentry"],"yoast_head":"<!-- This site is optimized with the Yoast SEO plugin v24.4 - https:\/\/yoast.com\/wordpress\/plugins\/seo\/ -->\n<title>Sobre a Matinha - Blogue Herdade da Matinha<\/title>\n<meta name=\"robots\" content=\"index, follow, max-snippet:-1, max-image-preview:large, max-video-preview:-1\" \/>\n<link rel=\"canonical\" href=\"https:\/\/www.blog.herdadedamatinha.com\/b\/sobre-a-matinha\/\" \/>\n<meta property=\"og:locale\" content=\"pt_PT\" \/>\n<meta property=\"og:type\" content=\"article\" \/>\n<meta property=\"og:title\" content=\"Sobre a Matinha - Blogue Herdade da Matinha\" \/>\n<meta property=\"og:description\" content=\"Sobre a Matinha Quando h\u00e1 espa\u00e7o, a semente nasce, o fruto cresce, e tudo flui, no seu devido lugar. Exatamente como deve ser.\" \/>\n<meta property=\"og:url\" content=\"https:\/\/www.blog.herdadedamatinha.com\/b\/sobre-a-matinha\/\" \/>\n<meta property=\"og:site_name\" content=\"Blogue Herdade da Matinha\" \/>\n<meta property=\"article:modified_time\" content=\"2023-04-13T10:14:21+00:00\" \/>\n<meta name=\"twitter:card\" content=\"summary_large_image\" \/>\n<meta name=\"twitter:label1\" content=\"Tempo estimado de leitura\" \/>\n\t<meta name=\"twitter:data1\" content=\"3 minutos\" \/>\n<script type=\"application\/ld+json\" class=\"yoast-schema-graph\">{\"@context\":\"https:\/\/schema.org\",\"@graph\":[{\"@type\":\"WebPage\",\"@id\":\"https:\/\/www.blog.herdadedamatinha.com\/b\/sobre-a-matinha\/\",\"url\":\"https:\/\/www.blog.herdadedamatinha.com\/b\/sobre-a-matinha\/\",\"name\":\"Sobre a Matinha - Blogue Herdade da Matinha\",\"isPartOf\":{\"@id\":\"https:\/\/www.blog.herdadedamatinha.com\/b\/#website\"},\"datePublished\":\"2023-04-13T10:12:29+00:00\",\"dateModified\":\"2023-04-13T10:14:21+00:00\",\"breadcrumb\":{\"@id\":\"https:\/\/www.blog.herdadedamatinha.com\/b\/sobre-a-matinha\/#breadcrumb\"},\"inLanguage\":\"pt-PT\",\"potentialAction\":[{\"@type\":\"ReadAction\",\"target\":[\"https:\/\/www.blog.herdadedamatinha.com\/b\/sobre-a-matinha\/\"]}]},{\"@type\":\"BreadcrumbList\",\"@id\":\"https:\/\/www.blog.herdadedamatinha.com\/b\/sobre-a-matinha\/#breadcrumb\",\"itemListElement\":[{\"@type\":\"ListItem\",\"position\":1,\"name\":\"In\u00edcio\",\"item\":\"https:\/\/www.blog.herdadedamatinha.com\/b\/\"},{\"@type\":\"ListItem\",\"position\":2,\"name\":\"Sobre a Matinha\"}]},{\"@type\":\"WebSite\",\"@id\":\"https:\/\/www.blog.herdadedamatinha.com\/b\/#website\",\"url\":\"https:\/\/www.blog.herdadedamatinha.com\/b\/\",\"name\":\"Blogue Herdade da Matinha\",\"description\":\"Descubra a Costa Alentejana\",\"potentialAction\":[{\"@type\":\"SearchAction\",\"target\":{\"@type\":\"EntryPoint\",\"urlTemplate\":\"https:\/\/www.blog.herdadedamatinha.com\/b\/?s={search_term_string}\"},\"query-input\":{\"@type\":\"PropertyValueSpecification\",\"valueRequired\":true,\"valueName\":\"search_term_string\"}}],\"inLanguage\":\"pt-PT\"}]}<\/script>\n<!-- \/ Yoast SEO plugin. -->","yoast_head_json":{"title":"Sobre a Matinha - Blogue Herdade da Matinha","robots":{"index":"index","follow":"follow","max-snippet":"max-snippet:-1","max-image-preview":"max-image-preview:large","max-video-preview":"max-video-preview:-1"},"canonical":"https:\/\/www.blog.herdadedamatinha.com\/b\/sobre-a-matinha\/","og_locale":"pt_PT","og_type":"article","og_title":"Sobre a Matinha - Blogue Herdade da Matinha","og_description":"Sobre a Matinha Quando h\u00e1 espa\u00e7o, a semente nasce, o fruto cresce, e tudo flui, no seu devido lugar. Exatamente como deve ser.","og_url":"https:\/\/www.blog.herdadedamatinha.com\/b\/sobre-a-matinha\/","og_site_name":"Blogue Herdade da Matinha","article_modified_time":"2023-04-13T10:14:21+00:00","twitter_card":"summary_large_image","twitter_misc":{"Tempo estimado de leitura":"3 minutos"},"schema":{"@context":"https:\/\/schema.org","@graph":[{"@type":"WebPage","@id":"https:\/\/www.blog.herdadedamatinha.com\/b\/sobre-a-matinha\/","url":"https:\/\/www.blog.herdadedamatinha.com\/b\/sobre-a-matinha\/","name":"Sobre a Matinha - Blogue Herdade da Matinha","isPartOf":{"@id":"https:\/\/www.blog.herdadedamatinha.com\/b\/#website"},"datePublished":"2023-04-13T10:12:29+00:00","dateModified":"2023-04-13T10:14:21+00:00","breadcrumb":{"@id":"https:\/\/www.blog.herdadedamatinha.com\/b\/sobre-a-matinha\/#breadcrumb"},"inLanguage":"pt-PT","potentialAction":[{"@type":"ReadAction","target":["https:\/\/www.blog.herdadedamatinha.com\/b\/sobre-a-matinha\/"]}]},{"@type":"BreadcrumbList","@id":"https:\/\/www.blog.herdadedamatinha.com\/b\/sobre-a-matinha\/#breadcrumb","itemListElement":[{"@type":"ListItem","position":1,"name":"In\u00edcio","item":"https:\/\/www.blog.herdadedamatinha.com\/b\/"},{"@type":"ListItem","position":2,"name":"Sobre a Matinha"}]},{"@type":"WebSite","@id":"https:\/\/www.blog.herdadedamatinha.com\/b\/#website","url":"https:\/\/www.blog.herdadedamatinha.com\/b\/","name":"Blogue Herdade da Matinha","description":"Descubra a Costa Alentejana","potentialAction":[{"@type":"SearchAction","target":{"@type":"EntryPoint","urlTemplate":"https:\/\/www.blog.herdadedamatinha.com\/b\/?s={search_term_string}"},"query-input":{"@type":"PropertyValueSpecification","valueRequired":true,"valueName":"search_term_string"}}],"inLanguage":"pt-PT"}]}},"_links":{"self":[{"href":"https:\/\/www.blog.herdadedamatinha.com\/b\/wp-json\/wp\/v2\/pages\/469","targetHints":{"allow":["GET"]}}],"collection":[{"href":"https:\/\/www.blog.herdadedamatinha.com\/b\/wp-json\/wp\/v2\/pages"}],"about":[{"href":"https:\/\/www.blog.herdadedamatinha.com\/b\/wp-json\/wp\/v2\/types\/page"}],"author":[{"embeddable":true,"href":"https:\/\/www.blog.herdadedamatinha.com\/b\/wp-json\/wp\/v2\/users\/1"}],"replies":[{"embeddable":true,"href":"https:\/\/www.blog.herdadedamatinha.com\/b\/wp-json\/wp\/v2\/comments?post=469"}],"version-history":[{"count":4,"href":"https:\/\/www.blog.herdadedamatinha.com\/b\/wp-json\/wp\/v2\/pages\/469\/revisions"}],"predecessor-version":[{"id":473,"href":"https:\/\/www.blog.herdadedamatinha.com\/b\/wp-json\/wp\/v2\/pages\/469\/revisions\/473"}],"wp:attachment":[{"href":"https:\/\/www.blog.herdadedamatinha.com\/b\/wp-json\/wp\/v2\/media?parent=469"}],"curies":[{"name":"wp","href":"https:\/\/api.w.org\/{rel}","templated":true}]}}